{"id":3,"date":"2023-10-13T08:03:35","date_gmt":"2023-10-13T08:03:35","guid":{"rendered":"https:\/\/www.verona-card.com\/?page_id=3"},"modified":"2023-11-06T20:35:56","modified_gmt":"2023-11-06T20:35:56","slug":"politika-zasebnosti","status":"publish","type":"page","link":"https:\/\/www.verona-card.com\/sl\/politika-zasebnosti\/","title":{"rendered":"Pravilnik o zasebnosti"},"content":{"rendered":"<h1 class=\"wp-block-heading\"><strong>Pravilnik o zasebnosti<\/strong><\/h1>\n\n\n\n<p>I data personali potrebbero essere utilizzati per la personalizzazione degli annunci pubblicitari e i cookies potrebbero essere utilizzati sia per annunci personalizzati che non.<\/p>\n\n\n\n<p>Questo blog&nbsp;<strong>non rappresenta una testata giornalistica<\/strong>&nbsp;in quanto viene aggiornato senza alcuna periodicit\u00e0 . Non pu\u00f2 pertanto considerarsi un prodotto editoriale ai sensi della legge n\u00b0 62 del 7.03.2001.<\/p>\n\n\n\n<p>L'autore non \u00e8 responsabile per quanto pubblicato dai lettori nei commenti ad ogni post.<\/p>\n\n\n\n<p>Preveri, ali so preklicani komentarji, ki so \u017ealjivi ali \u0161kodljivi za slike ali onorabilizacijo tercijev, spamov, raz\u017ealitev ali vsebujejo osebne podatke, ki niso v skladu z veljavnimi predpisi o zasebnosti.<\/p>\n\n\n\n<p>Alcuni testi o immagini inserite in questo blog sono tratte da internet e, pertanto, considerate di pubblico dominio; qualora la loro pubblicazione violasse eventuali diritti d'autore, vogliate comunicarlo via email Saranno immediatamente rimossi.<\/p>\n\n\n\n<p>L'autore del blog non \u00e8 responsabile dei siti collegati tramite link n\u00e9 del loro contenuto che pu\u00f2 essere soggetto a variazioni nel tempo.<\/p>\n\n\n\n<div style=\"height:15px\" aria-hidden=\"true\" class=\"wp-block-spacer\"><\/div>\n\n\n\n\n\n\n<div style=\"height:25px\" aria-hidden=\"true\" class=\"wp-block-spacer\"><\/div>\n\n\n\n<h2 class=\"wp-block-heading\"><strong>Komentar o vsebini<\/strong><\/h2>\n\n\n\n<p>I servizi di commento consentono agli Utenti di formulare e rendere pubblici propri commenti riguardanti il contenuto di questa Applicazione.<br>Gli Utenti, a seconda delle impostazioni decise dal Titolare, possono lasciare il commento anche in forma anonima. Nel caso tra i Dati Personali rilasciati dall'Utente ci sia l'email, questa potrebbe essere utilizzata per inviare notifiche di commenti riguardanti lo stesso contenuto. Uporabniki so odgovorni za vsebino svojih komentarjev.<br>V primeru, da je name\u0161\u010deno storitev komentiranja, ki jo zagotavljajo tretji uporabniki, je mogo\u010de, da tudi v primeru, ko uporabniki ne uporabljajo storitve komentiranja, ta storitev zbira podatke o prometu na straneh, na katerih je name\u0161\u010dena storitev komentiranja.<\/p>\n\n\n\n<div style=\"height:25px\" aria-hidden=\"true\" class=\"wp-block-spacer\"><\/div>\n\n\n\n<h3 class=\"wp-block-heading\"><strong>Komentarji na Facebooku (Facebook)<\/strong><\/h3>\n\n\n\n<p>Facebook Comments \u00e8 un servizio gestito da Facebook Inc. che consente all'Utente di lasciare propri commenti e condividerli all'interno della piattaforma Facebook.<\/p>\n\n\n\n<ul class=\"wp-block-list\">\n<li><strong>Dati personali raccolti<\/strong>: Pi\u0161kotki in podatki o uporabi.<\/li>\n\n\n\n<li><strong>Luogo del trattamento:<\/strong> ZDRU\u017dENE DR\u017dAVE AMERIKE -&nbsp;<a href=\"http:\/\/www.facebook.com\/privacy\/explanation.php\" target=\"_blank\" rel=\"noreferrer noopener\">Pravilnik o zasebnosti<\/a><\/li>\n<\/ul>\n\n\n\n<div style=\"height:25px\" aria-hidden=\"true\" class=\"wp-block-spacer\"><\/div>\n\n\n\n<h3 class=\"wp-block-heading\"><strong>Disqus (Disqus)<\/strong><\/h3>\n\n\n\n<p>Disqus \u00e8 un servizio di commento dei contenuti fornito da Big Heads Labs Inc.<\/p>\n\n\n\n<ul class=\"wp-block-list\">\n<li><strong>Dati personali raccolti:<\/strong> Pi\u0161kotki in podatki o uporabi.<\/li>\n\n\n\n<li><strong>Luogo del trattamento<\/strong>: ZDA -&nbsp;<a href=\"http:\/\/docs.disqus.com\/help\/30\/\" target=\"_blank\" rel=\"noreferrer noopener\">Pravilnik o zasebnosti<\/a>&nbsp;-&nbsp;<a href=\"https:\/\/help.disqus.com\/customer\/portal\/articles\/1657951\" target=\"_blank\" rel=\"noreferrer noopener\">Odjava<\/a><\/li>\n<\/ul>\n\n\n\n<div style=\"height:25px\" aria-hidden=\"true\" class=\"wp-block-spacer\"><\/div>\n\n\n\n<h2 class=\"wp-block-heading\"><strong>Blog o zasebnosti Informativa<\/strong><\/h2>\n\n\n\n<p>Informacijska zasebnost (\u010dlen 13 zakona \u0161t. 196\/2003): podatki, ki jih udele\u017eenci bloga posredujejo ob objavi prispevka, so omejeni na vse indirektne e-po\u0161tne naslove in so obvezni za prejemanje obvestil o objavi prispevka.<br>Za objavo komentarja je poleg elektronske po\u0161te potrebno tudi vstaviti ime in priimek, ki pa ne sme biti objavljen v komentarju, ki ga je objavil uporabnik, medtem ko je elektronski naslov uporabljen izklju\u010dno za objavo novic na spletnem mestu. Le opinioni ed i commenti postati dagli utenti e le informazioni e i dati in esso contenuti non saranno destinati adtro scopo che alla loro pubblicazione sul Blog, in particolare, non ne ne \u00e8 prevista l'aggregazione o selezione in specifiche banche dati. Eventuali trattamenti a fini statistici che in futuro possa essere intenzione del sito eseguire saranno condotti esclusivamente su base anonima. Mentre la diffusione dei dati anagrafici dell'utente e di quelli rilevabili dai commenti postati deve intendersi direttamente attribuita alla iniziativa dell'utente medesimo, garantiamo che nessuna altra ipotesi di trasmissione o diffusione degli stessi \u00e8, dunque, prevista. In ogni caso, l'utente ha in ogni momento la possibilit\u00e0 di esercitare i diritti di cui all' art. 7 del D.Lgs. 196\/2003. Per far valere tali diritti, l'Utente pu\u00f2 rivolgersi direttamente al Titolare del Trattamento dei Dati personali all'indirizzo info@verona-card.com.<\/p>\n\n\n\n<div style=\"height:25px\" aria-hidden=\"true\" class=\"wp-block-spacer\"><\/div>\n\n\n\n<h2 class=\"wp-block-heading\"><strong>Izjava o omejitvi odgovornosti Zasebnost Google Analytics<\/strong><\/h2>\n\n\n\n<p>Ta spletna stran uporablja Google Analytics, spletno analiti\u010dno storitev dru\u017ebe Google, Inc. (\"Google\"). Google Analytics uporablja \"pi\u0161kotke\", ki so testne datoteke, ki so shranjene na va\u0161em ra\u010dunalniku, da bi spletno mesto analiziralo, kako uporabniki uporabljajo spletno mesto. Le informazioni generate dal cookie sull'utilizzo del sito web da parte Vostra (compreso il Vostro indirizzo IP) verranno trasmesse a, e depositate presso i server di Google negli Stati Uniti. Google uporablja te informacije za sledenje in preverjanje uporabe spletnega mesta Vostro, pripravo poro\u010dila o dejavnostih spletnega mesta za upravljavce spletnega mesta in za zagotavljanje drugih storitev, povezanih z dejavnostmi spletnega mesta in uporabo interneta. Google pu\u00f2 anche trasferire queste informazioni a terzi ove ci\u00f2 sia imposto dalla legge o laddove tali terzi trattino le suddette informazioni per conto di Google. Google ne pripisuje va\u0161ega indirizza IP nobenemu drugemu podatku, ki ga ima Google. Potete rifiutarvi di usare i cookies selezionando l'impostazione appropriata sul vostro browser, ma ci\u00f2 potrebbe impedirvi di utilizzare tutte le funzionalit\u00e0 di questo sito web. Utilizzando il presente sito web, voi acconsentite al trattamento dei Vostri dati da parte di Google per le modalit\u00e0 e i fini sopraindicati<\/p>\n\n\n\n<div style=\"height:25px\" aria-hidden=\"true\" class=\"wp-block-spacer\"><\/div>\n\n\n\n<h2 class=\"wp-block-heading\"><strong>Dovoljenja za uporabo Facebooka, pridobljena s to aplikacijo<\/strong><\/h2>\n\n\n\n<p>Aplikacija lahko pridobi ve\u010d dovoljenj Facebook, ki dovoljujejo izvajanje dejavnosti z uporabni\u0161kim ra\u010dunom Facebook in zbiranje informacij, vklju\u010dno z osebnimi podatki, od uporabnika.<\/p>\n\n\n\n<p>Za ve\u010d informacij o nadaljnjih dovoljenjih glejte spletno stran&nbsp;<a href=\"https:\/\/developers.facebook.com\/docs\/authentication\/permissions\/\" target=\"_blank\" rel=\"noreferrer noopener\">dokumentiranje dovoljenj Facebook&nbsp;<\/a>ed alla <a href=\"https:\/\/www.facebook.com\/about\/privacy\/\" target=\"_blank\" rel=\"noreferrer noopener\">pravilnik o zasebnosti v Facebooku<\/a>.<\/p>\n\n\n\n<p>I permessi richiesti sono i seguenti:<\/p>\n\n\n\n<div style=\"height:25px\" aria-hidden=\"true\" class=\"wp-block-spacer\"><\/div>\n\n\n\n<h3 class=\"wp-block-heading\"><strong>Informazioni di base<\/strong><\/h3>\n\n\n\n<p>Le informazioni di base dell'Utente registrato su Facebook che normalmente includono i seguenti Dati: id, nome, immagine, genere e lingua di localizzazione ed, in alcuni casi gli \"Amici\" di Facebook. Se l'Utente ha reso disponibili pubblicamente Dati ulteriori, gli stessi saranno disponibili.<\/p>\n\n\n\n<div style=\"height:25px\" aria-hidden=\"true\" class=\"wp-block-spacer\"><\/div>\n\n\n\n<h3 class=\"wp-block-heading\"><strong>Applicazioni Sociali<\/strong><\/h3>\n\n\n\n<p>Questi servizi permettono al sito web di attingere ai dati del tuo profilo sui social networks, e di effettuare interazioni al tuo post. Questi servizi non sono attivati automaticamente, ma richiedono un'autorizzazione esplicita da parte dell'utente.<\/p>\n\n\n\n<div style=\"height:25px\" aria-hidden=\"true\" class=\"wp-block-spacer\"><\/div>\n\n\n\n<h3 class=\"wp-block-heading\"><strong>Dostop do ra\u010duna Facebook (Aplikacija)<\/strong><\/h3>\n\n\n\n<p>Ta storitev omogo\u010da tej aplikaciji povezovanje z ra\u010dunom uporabnika v dru\u017eabnem omre\u017eju Facebook, ki ga zagotavlja dru\u017eba Facebook Inc.<\/p>\n\n\n\n<p>Dovoljenje za bogatenje: V tem primeru se lahko uporabljajo razli\u010dni tipi podatkov, kot je dolo\u010deno v politiki zasebnosti storitve.<\/p>\n\n\n\n<p>Kraj, v katerem se izvaja storitev: ZDA -&nbsp;<a href=\"http:\/\/www.facebook.com\/privacy\/explanation.php\" target=\"_blank\" rel=\"noreferrer noopener\">Pravilnik o zasebnosti<\/a><\/p>\n\n\n\n<div style=\"height:25px\" aria-hidden=\"true\" class=\"wp-block-spacer\"><\/div>\n\n\n\n<h3 class=\"wp-block-heading\"><strong>Interazione con social network e piattaforme esterne<\/strong><\/h3>\n\n\n\n<p>Questi servizi permettono di effettuare interazioni con i social network, or con altre piattaforme esterne, direttamente dalle pagine dell'Applicazione. Le interazioni e le informazioni acquisite da questa Applicazione sono in ogni caso soggette alle impostazioni privacy dell'Utente relative ad ogni social network.<br>V primeru, da je name\u0161\u010deno storitev povezovanja z dru\u017ebenimi omre\u017eji, je mogo\u010de, da tudi v primeru, ko uporabniki ne uporabljajo te storitve, ta storitev zbira podatke o prometu na vseh straneh, na katerih je name\u0161\u010dena.<\/p>\n\n\n\n<div style=\"height:25px\" aria-hidden=\"true\" class=\"wp-block-spacer\"><\/div>\n\n\n\n<h4 class=\"wp-block-heading\"><strong>Pulsante Mi Piace e widget sociali di Facebook (Facebook)<\/strong><\/h4>\n\n\n\n<p>Pulzant \"Mi Piace\" in dru\u017eabni pripomo\u010dki Facebook so storitve za interakcijo z dru\u017eabnim omre\u017ejem Facebook, ki jih zagotavlja dru\u017eba Facebook Inc.<\/p>\n\n\n\n<p>Pridobljeni osebni podatki: Cookie e Dati di utilizzo.<\/p>\n\n\n\n<p>Kraj, v katerem se izvaja storitev: ZDA -&nbsp;<a href=\"http:\/\/www.facebook.com\/privacy\/explanation.php\" target=\"_blank\" rel=\"noreferrer noopener\">Pravilnik o zasebnosti<\/a><\/p>\n\n\n\n<div style=\"height:25px\" aria-hidden=\"true\" class=\"wp-block-spacer\"><\/div>\n\n\n\n<h4 class=\"wp-block-heading\"><strong>Pulzant +1 in dru\u017eabni pripomo\u010dki v storitvi Google+ (Google)<\/strong><\/h4>\n\n\n\n<p>Pulzant +1 in socialni pripomo\u010dki v storitvi Google+ so storitve za interakcijo z dru\u017eabnim omre\u017ejem Google+, ki jih ponuja dru\u017eba Google Inc.<\/p>\n\n\n\n<p>Pridobljeni osebni podatki: Cookie e Dati di utilizzo.<\/p>\n\n\n\n<p>Kraj, v katerem se izvaja storitev: ZDA -&nbsp;<a href=\"http:\/\/www.google.com\/intl\/it\/policies\/privacy\/\" target=\"_blank\" rel=\"noreferrer noopener\">Pravilnik o zasebnosti<\/a><\/p>\n\n\n\n<div style=\"height:25px\" aria-hidden=\"true\" class=\"wp-block-spacer\"><\/div>\n\n\n\n<h4 class=\"wp-block-heading\"><strong>Pulsante Tweet e widget sociali di Twitter (Twitter)<\/strong><\/h4>\n\n\n\n<p>Il pulsante Tweet e i widget sociali di Twitter sono servizi di interazione con il social network Twitter, forniti da Twitter Inc.<\/p>\n\n\n\n<p>Pridobljeni osebni podatki: Cookie e Dati di utilizzo.<\/p>\n\n\n\n<p>Kraj, v katerem se izvaja storitev: ZDA -&nbsp;<a href=\"http:\/\/twitter.com\/privacy\" target=\"_blank\" rel=\"noreferrer noopener\">Pravilnik o zasebnosti<\/a><\/p>\n\n\n\n<div style=\"height:25px\" aria-hidden=\"true\" class=\"wp-block-spacer\"><\/div>\n\n\n\n<h2 class=\"wp-block-heading\"><strong>Titolare del Trattamento dei Dati<\/strong><\/h2>\n\n\n\n<p>Gabriella Coppola - P.IVA 02734080993 - info@verona-card.com<\/p>\n\n\n\n<div style=\"height:25px\" aria-hidden=\"true\" class=\"wp-block-spacer\"><\/div>\n\n\n\n<h2 class=\"wp-block-heading\"><strong>Note legali<\/strong><\/h2>\n\n\n\n<p>Il sito verona-card.com \u00e8 un sito informativo di divulgazione su Verona.<\/p>\n\n\n\n<p>Il sito verona-card.com non rappresenta una testata giornalistica in quanto viene aggiornato senza alcuna periodicit\u00e0. Non pu\u00f2 pertanto considerarsi un prodotto editoriale ai sensi della legge n\u00b0 62 del 7.03.2001.<\/p>\n\n\n\n<p>Le immagini presenti su questo sito sono tratte da internet dopo aver verificato che fossero di pubblico dominio; qualora la loro pubblicazione violasse eventuali diritti d'autore, vogliate comunicarlo attraverso l'indirizzo mail&nbsp;<a href=\"mailto:info@verona-card.com\">info@verona-card.com<\/a>. Saranno immediatamente rimosse.<\/p>\n\n\n\n<p>Vse informacije na spletnem mestu<strong>&nbsp;<\/strong>verona-card.com sono state reperite dal canale ufficiale della struttura o con visita diretta. Non escludendo eventuali inesattezze o omissioni consigliamo di verificare i canali ufficiali prima di accedere alle strutture.<br><br><strong>Veronacard.com<\/strong>&nbsp;odjavlja odgovornost za morebitne napake ali pomanjkljivosti informacij na spletnem mestu in nikakor ni odgovoren za morebitne \u0161kode, neposredne ali posredne, ki izhajajo iz dejstva, da je na spletnem mestu verona-card.com pri\u0161lo do napake v informacijah, ki so na njem navedene.<\/p>\n\n\n\n<p>\u00c8 possibile inviare eventuali segnalazioni di errori all'indirizzo mail&nbsp;<a href=\"mailto:info@verona-card.com\">info@verona-card.com<\/a>.<\/p>\n\n\n\n<div style=\"height:25px\" aria-hidden=\"true\" class=\"wp-block-spacer\"><\/div>\n\n\n\n<h2 class=\"wp-block-heading\"><strong>Prodaja velikih izdelkov na Tiqets.com in GetYourGuide<\/strong><\/h2>\n\n\n\n<p>To spletno mesto je pridru\u017eeno&nbsp;<a href=\"https:\/\/www.tiqets.com\/\" target=\"_blank\" rel=\"noreferrer noopener\">tiqets.com<\/a>&nbsp;e&nbsp;<a href=\"https:\/\/getyourguide.com\/\" target=\"_blank\" rel=\"noreferrer noopener\">getyourguide.com<\/a>, dveh glavnih prodajnih mest za prodajo biglietti v svetu. L'acquisto di biglietti e tutte le transazioni avvengono nelle loro piattaforma in completa sicurezza.&nbsp;<strong>I biglietti emessi sono sempre ufficiali<\/strong>. Il Sito verona-card.com non \u00e8 responsabile in alcun modo sulla vendita dei biglietti e sull'assistenza post vendita. Per qualsiasi problema con la vendita dei biglietti rivolgersi all'assistenza del sito tiqets.com e getyourguide.com ai seguenti indirizzi:<\/p>\n\n\n\n<ul class=\"wp-block-list\">\n<li>Tiqets:&nbsp;<a href=\"https:\/\/www.tiqets.com\/it\/support\/home\/\" target=\"_blank\" rel=\"noreferrer noopener\">https:\/\/www.tiqets.com\/it\/support\/home\/<\/a>.<\/li>\n\n\n\n<li>Getyourguide:&nbsp;<a href=\"https:\/\/www.getyourguide.com\/contact\/\" target=\"_blank\" rel=\"noreferrer noopener\">https:\/\/www.getyourguide.com\/contact\/<\/a><\/li>\n<\/ul>\n\n\n\n<div style=\"height:25px\" aria-hidden=\"true\" class=\"wp-block-spacer\"><\/div>\n\n\n\n<h2 class=\"wp-block-heading\"><strong>Partnerstvo z Booking.com<\/strong><\/h2>\n\n\n\n<p>Questo sito \u00e8 affiliato con&nbsp;<a href=\"https:\/\/www.booking.com\/\" target=\"_blank\" rel=\"noreferrer noopener\">booking.com<\/a>, il sito di prenotazioni online di alberghi in tutto il mondo.<\/p>","protected":false},"excerpt":{"rendered":"<p>Politika zasebnosti I dati personali potrebbero essere utilizzati per la personalizzazione degli annunci pubblicitari e i cookies potrebbero essere utilizzati sia per annunci personalizzati che non. Questo blog non rappresenta una testata giornalistica in quanto viene aggiornato senza alcuna periodicit\u00e0 . Non pu\u00f2 pertanto considerarsi un prodotto editoriale ai sensi della legge n\u00b0 62 del 7.03.2001. L'autore...<\/p>","protected":false},"author":1,"featured_media":0,"parent":0,"menu_order":0,"comment_status":"closed","ping_status":"closed","template":"","meta":{"footnotes":""},"class_list":["post-3","page","type-page","status-publish","hentry"],"yoast_head":"<!-- This site is optimized with the Yoast SEO plugin v25.8 - https:\/\/yoast.com\/wordpress\/plugins\/seo\/ -->\n<title>Privacy Policy - Verona Card<\/title>\n<meta name=\"robots\" content=\"index, follow, max-snippet:-1, max-image-preview:large, max-video-preview:-1\" \/>\n<link rel=\"canonical\" href=\"https:\/\/www.verona-card.com\/sl\/politika-zasebnosti\/\" \/>\n<meta property=\"og:locale\" content=\"sl_SI\" \/>\n<meta property=\"og:type\" content=\"article\" \/>\n<meta property=\"og:title\" content=\"Privacy Policy - Verona Card\" \/>\n<meta property=\"og:description\" content=\"Privacy Policy I dati personali potrebbero essere utilizzati per la personalizzazione degli annunci pubblicitari e i cookies potrebbero essere utilizzati sia per annunci personalizzati che non. Questo blog&nbsp;non rappresenta una testata giornalistica&nbsp;in quanto viene aggiornato senza alcuna periodicit\u00e0 . Non pu\u00f2 pertanto considerarsi un prodotto editoriale ai sensi della legge n\u00b0 62 del 7.03.2001. L\u2019autore...\" \/>\n<meta property=\"og:url\" content=\"https:\/\/www.verona-card.com\/sl\/politika-zasebnosti\/\" \/>\n<meta property=\"og:site_name\" content=\"Verona Card\" \/>\n<meta property=\"article:modified_time\" content=\"2023-11-06T20:35:56+00:00\" \/>\n<meta name=\"twitter:card\" content=\"summary_large_image\" \/>\n<meta name=\"twitter:label1\" content=\"Est. reading time\" \/>\n\t<meta name=\"twitter:data1\" content=\"8 minut\" \/>\n<script type=\"application\/ld+json\" class=\"yoast-schema-graph\">{\"@context\":\"https:\/\/schema.org\",\"@graph\":[{\"@type\":\"WebPage\",\"@id\":\"https:\/\/www.verona-card.com\/privacy-policy\/\",\"url\":\"https:\/\/www.verona-card.com\/privacy-policy\/\",\"name\":\"Privacy Policy - Verona Card\",\"isPartOf\":{\"@id\":\"https:\/\/www.verona-card.com\/#website\"},\"datePublished\":\"2023-10-13T08:03:35+00:00\",\"dateModified\":\"2023-11-06T20:35:56+00:00\",\"breadcrumb\":{\"@id\":\"https:\/\/www.verona-card.com\/privacy-policy\/#breadcrumb\"},\"inLanguage\":\"sl-SI\",\"potentialAction\":[{\"@type\":\"ReadAction\",\"target\":[\"https:\/\/www.verona-card.com\/privacy-policy\/\"]}]},{\"@type\":\"BreadcrumbList\",\"@id\":\"https:\/\/www.verona-card.com\/privacy-policy\/#breadcrumb\",\"itemListElement\":[{\"@type\":\"ListItem\",\"position\":1,\"name\":\"Home\",\"item\":\"https:\/\/www.verona-card.com\/\"},{\"@type\":\"ListItem\",\"position\":2,\"name\":\"Privacy Policy\"}]},{\"@type\":\"WebSite\",\"@id\":\"https:\/\/www.verona-card.com\/#website\",\"url\":\"https:\/\/www.verona-card.com\/\",\"name\":\"Verona Card\",\"description\":\"The Official Tourist Card of Verona\",\"publisher\":{\"@id\":\"https:\/\/www.verona-card.com\/#organization\"},\"potentialAction\":[{\"@type\":\"SearchAction\",\"target\":{\"@type\":\"EntryPoint\",\"urlTemplate\":\"https:\/\/www.verona-card.com\/?s={search_term_string}\"},\"query-input\":{\"@type\":\"PropertyValueSpecification\",\"valueRequired\":true,\"valueName\":\"search_term_string\"}}],\"inLanguage\":\"sl-SI\"},{\"@type\":\"Organization\",\"@id\":\"https:\/\/www.verona-card.com\/#organization\",\"name\":\"Verona Card\",\"url\":\"https:\/\/www.verona-card.com\/\",\"logo\":{\"@type\":\"ImageObject\",\"inLanguage\":\"sl-SI\",\"@id\":\"https:\/\/www.verona-card.com\/#\/schema\/logo\/image\/\",\"url\":\"https:\/\/www.verona-card.com\/wp-content\/uploads\/2023\/12\/Verona-card-logo.png\",\"contentUrl\":\"https:\/\/www.verona-card.com\/wp-content\/uploads\/2023\/12\/Verona-card-logo.png\",\"width\":425,\"height\":156,\"caption\":\"Verona Card\"},\"image\":{\"@id\":\"https:\/\/www.verona-card.com\/#\/schema\/logo\/image\/\"}}]}<\/script>\n<!-- \/ Yoast SEO plugin. -->","yoast_head_json":{"title":"Politika zasebnosti - Verona Card","robots":{"index":"index","follow":"follow","max-snippet":"max-snippet:-1","max-image-preview":"max-image-preview:large","max-video-preview":"max-video-preview:-1"},"canonical":"https:\/\/www.verona-card.com\/sl\/politika-zasebnosti\/","og_locale":"sl_SI","og_type":"article","og_title":"Privacy Policy - Verona Card","og_description":"Privacy Policy I dati personali potrebbero essere utilizzati per la personalizzazione degli annunci pubblicitari e i cookies potrebbero essere utilizzati sia per annunci personalizzati che non. Questo blog&nbsp;non rappresenta una testata giornalistica&nbsp;in quanto viene aggiornato senza alcuna periodicit\u00e0 . Non pu\u00f2 pertanto considerarsi un prodotto editoriale ai sensi della legge n\u00b0 62 del 7.03.2001. L\u2019autore...","og_url":"https:\/\/www.verona-card.com\/sl\/politika-zasebnosti\/","og_site_name":"Verona Card","article_modified_time":"2023-11-06T20:35:56+00:00","twitter_card":"summary_large_image","twitter_misc":{"Est. reading time":"8 minut"},"schema":{"@context":"https:\/\/schema.org","@graph":[{"@type":"WebPage","@id":"https:\/\/www.verona-card.com\/privacy-policy\/","url":"https:\/\/www.verona-card.com\/privacy-policy\/","name":"Politika zasebnosti - Verona Card","isPartOf":{"@id":"https:\/\/www.verona-card.com\/#website"},"datePublished":"2023-10-13T08:03:35+00:00","dateModified":"2023-11-06T20:35:56+00:00","breadcrumb":{"@id":"https:\/\/www.verona-card.com\/privacy-policy\/#breadcrumb"},"inLanguage":"sl-SI","potentialAction":[{"@type":"ReadAction","target":["https:\/\/www.verona-card.com\/privacy-policy\/"]}]},{"@type":"BreadcrumbList","@id":"https:\/\/www.verona-card.com\/privacy-policy\/#breadcrumb","itemListElement":[{"@type":"ListItem","position":1,"name":"Home","item":"https:\/\/www.verona-card.com\/"},{"@type":"ListItem","position":2,"name":"Privacy Policy"}]},{"@type":"WebSite","@id":"https:\/\/www.verona-card.com\/#website","url":"https:\/\/www.verona-card.com\/","name":"Verona Card","description":"Uradna turisti\u010dna kartica Verone","publisher":{"@id":"https:\/\/www.verona-card.com\/#organization"},"potentialAction":[{"@type":"SearchAction","target":{"@type":"EntryPoint","urlTemplate":"https:\/\/www.verona-card.com\/?s={search_term_string}"},"query-input":{"@type":"PropertyValueSpecification","valueRequired":true,"valueName":"search_term_string"}}],"inLanguage":"sl-SI"},{"@type":"Organization","@id":"https:\/\/www.verona-card.com\/#organization","name":"Verona Card","url":"https:\/\/www.verona-card.com\/","logo":{"@type":"ImageObject","inLanguage":"sl-SI","@id":"https:\/\/www.verona-card.com\/#\/schema\/logo\/image\/","url":"https:\/\/www.verona-card.com\/wp-content\/uploads\/2023\/12\/Verona-card-logo.png","contentUrl":"https:\/\/www.verona-card.com\/wp-content\/uploads\/2023\/12\/Verona-card-logo.png","width":425,"height":156,"caption":"Verona Card"},"image":{"@id":"https:\/\/www.verona-card.com\/#\/schema\/logo\/image\/"}}]}},"_links":{"self":[{"href":"https:\/\/www.verona-card.com\/sl\/wp-json\/wp\/v2\/pages\/3","targetHints":{"allow":["GET"]}}],"collection":[{"href":"https:\/\/www.verona-card.com\/sl\/wp-json\/wp\/v2\/pages"}],"about":[{"href":"https:\/\/www.verona-card.com\/sl\/wp-json\/wp\/v2\/types\/page"}],"author":[{"embeddable":true,"href":"https:\/\/www.verona-card.com\/sl\/wp-json\/wp\/v2\/users\/1"}],"replies":[{"embeddable":true,"href":"https:\/\/www.verona-card.com\/sl\/wp-json\/wp\/v2\/comments?post=3"}],"version-history":[{"count":3,"href":"https:\/\/www.verona-card.com\/sl\/wp-json\/wp\/v2\/pages\/3\/revisions"}],"predecessor-version":[{"id":314,"href":"https:\/\/www.verona-card.com\/sl\/wp-json\/wp\/v2\/pages\/3\/revisions\/314"}],"wp:attachment":[{"href":"https:\/\/www.verona-card.com\/sl\/wp-json\/wp\/v2\/media?parent=3"}],"curies":[{"name":"wp","href":"https:\/\/api.w.org\/{rel}","templated":true}]}}