{"id":3,"date":"2023-10-13T08:03:35","date_gmt":"2023-10-13T08:03:35","guid":{"rendered":"https:\/\/www.verona-card.com\/?page_id=3"},"modified":"2023-11-06T20:35:56","modified_gmt":"2023-11-06T20:35:56","slug":"politique-de-confidentialite","status":"publish","type":"page","link":"https:\/\/www.verona-card.com\/fr\/politique-de-confidentialite\/","title":{"rendered":"Politique de confidentialit\u00e9"},"content":{"rendered":"<h1 class=\"wp-block-heading\"><strong>Politique de confidentialit\u00e9<\/strong><\/h1>\n\n\n\n<p>Les donn\u00e9es personnelles peuvent \u00eatre utilis\u00e9es pour la personnalisation des annonces publiques et les cookies peuvent \u00eatre utilis\u00e9s pour des annonces personnalis\u00e9es ou non.<\/p>\n\n\n\n<p>Ce blog&nbsp;<strong>non rappresenta una testata giornalistica<\/strong>&nbsp;in quanto viene aggiornato senza alcuna periodicit\u00e0 . Non pu\u00f2 pertanto considerarsi un prodotto editoriale ai sensi della legge n\u00b0 62 del 7.03.2001.<\/p>\n\n\n\n<p>L'auteur n'est pas responsable de ce qui est publi\u00e9 par les lecteurs dans les commentaires sur chaque article.<\/p>\n\n\n\n<p>Les commentaires jug\u00e9s offensants ou injurieux pour l'image ou l'int\u00e9grit\u00e9 d'un tiers, du genre spam, razzis ou contenant des donn\u00e9es personnelles non conformes au respect des normes relatives \u00e0 la vie priv\u00e9e, seront annul\u00e9s.<\/p>\n\n\n\n<p>Certains textes ou images ins\u00e9r\u00e9s dans ce blog sont trait\u00e9s sur Internet et, par cons\u00e9quent, consid\u00e9r\u00e9s comme relevant du domaine public ; si leur publication enfreint d'\u00e9ventuels droits d'auteur, les personnes qui le souhaitent peuvent le faire savoir par courrier \u00e9lectronique et seront imm\u00e9diatement remerci\u00e9es.<\/p>\n\n\n\n<p>L'auteur du blog n'est pas responsable des sites reli\u00e9s par un lien ni de leur contenu qui peut varier dans le temps.<\/p>\n\n\n\n<div style=\"height:15px\" aria-hidden=\"true\" class=\"wp-block-spacer\"><\/div>\n\n\n\n\n\n\n<div style=\"height:25px\" aria-hidden=\"true\" class=\"wp-block-spacer\"><\/div>\n\n\n\n<h2 class=\"wp-block-heading\"><strong>Commentaire sur le contenu<\/strong><\/h2>\n\n\n\n<p>Les services de commentaires autorisent les utilisateurs \u00e0 formuler et \u00e0 rendre publics leurs commentaires concernant le contenu de cette application.<br>Les utilisateurs, en vertu des dispositions prises par le titulaire, peuvent lire les commentaires m\u00eame sous forme anonyme. Si parmi les donn\u00e9es personnelles communiqu\u00e9es par l'utilisateur figure l'adresse \u00e9lectronique, celle-ci peut \u00eatre utilis\u00e9e pour envoyer des notifications de commentaires concernant le m\u00eame contenu. Les utilisateurs sont responsables du contenu de leurs propres commentaires.<br>Dans le cas o\u00f9 un service de commentaires fourni par des entit\u00e9s tierces est install\u00e9, il est possible que, m\u00eame si les utilisateurs n'utilisent pas le service de commentaires, ce dernier recueille des donn\u00e9es de trafic relatives aux pages sur lesquelles le service de commentaires est install\u00e9.<\/p>\n\n\n\n<div style=\"height:25px\" aria-hidden=\"true\" class=\"wp-block-spacer\"><\/div>\n\n\n\n<h3 class=\"wp-block-heading\"><strong>Commentaires Facebook (Facebook)<\/strong><\/h3>\n\n\n\n<p>Facebook Comments est un service g\u00e9r\u00e9 par Facebook Inc. qui permet \u00e0 l'utilisateur de laisser ses propres commentaires et de les publier \u00e0 l'int\u00e9rieur de la plateforme Facebook.<\/p>\n\n\n\n<ul class=\"wp-block-list\">\n<li><strong>Donn\u00e9es personnelles recueillies<\/strong>: Cookies et conditions d'utilisation.<\/li>\n\n\n\n<li><strong>Luogo del trattamento :<\/strong> \u00c9TATS-UNIS D'AM\u00c9RIQUE -&nbsp;<a href=\"http:\/\/www.facebook.com\/privacy\/explanation.php\" target=\"_blank\" rel=\"noreferrer noopener\">Politique de confidentialit\u00e9<\/a><\/li>\n<\/ul>\n\n\n\n<div style=\"height:25px\" aria-hidden=\"true\" class=\"wp-block-spacer\"><\/div>\n\n\n\n<h3 class=\"wp-block-heading\"><strong>Disqus (Disqus)<\/strong><\/h3>\n\n\n\n<p>Disqus est un service de commentaires sur le contenu fourni par Big Heads Labs Inc.<\/p>\n\n\n\n<ul class=\"wp-block-list\">\n<li><strong>Donn\u00e9es personnelles recueillies :<\/strong> Cookies et conditions d'utilisation.<\/li>\n\n\n\n<li><strong>Lieu du traitement<\/strong>: USA -&nbsp;<a href=\"http:\/\/docs.disqus.com\/help\/30\/\" target=\"_blank\" rel=\"noreferrer noopener\">Politique de confidentialit\u00e9<\/a>&nbsp;-&nbsp;<a href=\"https:\/\/help.disqus.com\/customer\/portal\/articles\/1657951\" target=\"_blank\" rel=\"noreferrer noopener\">Refus de participer<\/a><\/li>\n<\/ul>\n\n\n\n<div style=\"height:25px\" aria-hidden=\"true\" class=\"wp-block-spacer\"><\/div>\n\n\n\n<h2 class=\"wp-block-heading\"><strong>Informativa Privacy Blog<\/strong><\/h2>\n\n\n\n<p>Informativa Privacy (art.13 D.Lgs. 196\/2003) : les donn\u00e9es que les participants au blog communiquent \u00e0 l'occasion de leur inscription sont limit\u00e9es \u00e0 l'adresse e-mail et sont obligatoires pour recevoir la notification de publication d'un article.<br>Pour pouvoir poster un commentaire, en plus de l'e-mail, il est n\u00e9cessaire d'ins\u00e9rer un nom et un pr\u00e9nom, qui peuvent ne pas \u00eatre publi\u00e9s en m\u00eame temps que le commentaire post\u00e9 par l'utilisateur, tandis que l'adresse e-mail est utilis\u00e9e exclusivement pour l'envoi de nouvelles sur le site. Les opinions et les commentaires post\u00e9s par les utilisateurs, les informations et les donn\u00e9es contenues dans le site ne sont pas destin\u00e9s \u00e0 d'autres fins que leur publication sur le blog, en particulier, il n'est pas pr\u00e9vu d'agr\u00e9gation ou de s\u00e9lection dans des bases de donn\u00e9es sp\u00e9cifiques. Les \u00e9ventuels traitements \u00e0 finalit\u00e9 statistique qui, \u00e0 l'avenir, pourraient faire l'objet d'une demande de la part du site, seront exclusivement condens\u00e9s sur une base anonyme. \u00c9tant donn\u00e9 que la diffusion des donn\u00e9es anonymes de l'utilisateur et de celles provenant des commentaires post\u00e9s doit \u00eatre directement attribu\u00e9e \u00e0 l'initiative de l'utilisateur moyen, nous garantissons qu'aucune autre initiative de transmission ou de diffusion de ces donn\u00e9es n'est pr\u00e9vue. In ogni caso, l'utente ha in ogni momento la possibilit\u00e0 di esercitare i diritti di cui all' art. 7 del D.Lgs. 196\/2003. Per far valere tali diritti, l'Utente pu\u00f2 rivolgersi direttamente al Titolare del Trattamento dei Dati personali all'indirizzo info@verona-card.com.<\/p>\n\n\n\n<div style=\"height:25px\" aria-hidden=\"true\" class=\"wp-block-spacer\"><\/div>\n\n\n\n<h2 class=\"wp-block-heading\"><strong>Clause de non-responsabilit\u00e9 Confidentialit\u00e9 Google Analytics<\/strong><\/h2>\n\n\n\n<p>Ce site web utilise Google Analytics, un service d'analyse web fourni par Google, Inc. (\"Google\"). Google Analytics utilise des \"cookies\", qui sont des fichiers de texte d\u00e9pos\u00e9s sur votre ordinateur pour permettre au site web d'analyser l'utilisation qu'en font les utilisateurs. Les informations g\u00e9n\u00e9r\u00e9es par le cookie sur l'utilisation du site web par votre ordinateur (y compris l'adresse IP de votre ordinateur) sont transmises et d\u00e9pos\u00e9es sur les serveurs de Google aux \u00c9tats-Unis. Google utilise ces informations dans le but de suivre et d'analyser l'utilisation du site Web par le Client, de compiler des rapports sur les activit\u00e9s du site Web pour les op\u00e9rateurs du site Web et de fournir d'autres services li\u00e9s aux activit\u00e9s du site Web et \u00e0 l'utilisation d'Internet. Google peut \u00e9galement transmettre ces informations \u00e0 d'autres personnes si celles-ci sont impos\u00e9es par la loi ou si ces personnes traitent ces informations au nom de Google. Google n'associera pas votre identifiant IP \u00e0 toute autre donn\u00e9e d\u00e9tenue par Google. Vous pouvez refuser d'utiliser les cookies en s\u00e9lectionnant l'option appropri\u00e9e sur votre navigateur, mais cela pourrait vous emp\u00eacher d'utiliser toutes les fonctionnalit\u00e9s de ce site web. En utilisant le pr\u00e9sent site web, vous acceptez le traitement de vos donn\u00e9es par Google selon les modalit\u00e9s et les finalit\u00e9s indiqu\u00e9es ci-dessous.<\/p>\n\n\n\n<div style=\"height:25px\" aria-hidden=\"true\" class=\"wp-block-spacer\"><\/div>\n\n\n\n<h2 class=\"wp-block-heading\"><strong>Autorisations Facebook obtenues \u00e0 partir de cette application<\/strong><\/h2>\n\n\n\n<p>Cette application peut s'enrichir de quelques autorisations Facebook qui permettent d'effectuer des op\u00e9rations sur le compte Facebook de l'utilisateur et de recueillir des informations, y compris des donn\u00e9es personnelles, sur ce dernier.<\/p>\n\n\n\n<p>Pour de plus amples informations sur les autorisations qui suivent, veuillez vous r\u00e9f\u00e9rer \u00e0 la page suivante&nbsp;<a href=\"https:\/\/developers.facebook.com\/docs\/authentication\/permissions\/\" target=\"_blank\" rel=\"noreferrer noopener\">Documentation des autorisations Facebook&nbsp;<\/a>ed alla <a href=\"https:\/\/www.facebook.com\/about\/privacy\/\" target=\"_blank\" rel=\"noreferrer noopener\">politique de confidentialit\u00e9 di Facebook<\/a>.<\/p>\n\n\n\n<p>Les autorisations obtenues sont les suivantes :<\/p>\n\n\n\n<div style=\"height:25px\" aria-hidden=\"true\" class=\"wp-block-spacer\"><\/div>\n\n\n\n<h3 class=\"wp-block-heading\"><strong>Informations de base<\/strong><\/h3>\n\n\n\n<p>Les informations de base de l'utilisateur enregistr\u00e9 sur Facebook qui comprennent normalement les donn\u00e9es suivantes : identit\u00e9, nom, image, genre et langue de localisation et, dans certains cas, les \"amis\" de Facebook. Si l'utilisateur a rendu publiquement disponibles des donn\u00e9es ult\u00e9rieures, celles-ci sont \u00e9galement disponibles.<\/p>\n\n\n\n<div style=\"height:25px\" aria-hidden=\"true\" class=\"wp-block-spacer\"><\/div>\n\n\n\n<h3 class=\"wp-block-heading\"><strong>Applications sociales<\/strong><\/h3>\n\n\n\n<p>Ces services permettent au site web d'acc\u00e9der aux donn\u00e9es de votre profil dans les r\u00e9seaux sociaux et d'interagir avec votre message. Ces services ne sont pas activ\u00e9s automatiquement, mais n\u00e9cessitent une autorisation explicite de la part de l'utilisateur.<\/p>\n\n\n\n<div style=\"height:25px\" aria-hidden=\"true\" class=\"wp-block-spacer\"><\/div>\n\n\n\n<h3 class=\"wp-block-heading\"><strong>Acc\u00e8s au compte Facebook (Cette application)<\/strong><\/h3>\n\n\n\n<p>Ce service permet \u00e0 cette application de se connecter au compte de l'utilisateur sur le r\u00e9seau social Facebook, cr\u00e9\u00e9 par Facebook Inc.<\/p>\n\n\n\n<p>Permission de s'enrichir : Diff\u00e9rents types de donn\u00e9es, conform\u00e9ment \u00e0 la politique de confidentialit\u00e9 du service.<\/p>\n\n\n\n<p>Lieu du traitement : USA -&nbsp;<a href=\"http:\/\/www.facebook.com\/privacy\/explanation.php\" target=\"_blank\" rel=\"noreferrer noopener\">Politique de confidentialit\u00e9<\/a><\/p>\n\n\n\n<div style=\"height:25px\" aria-hidden=\"true\" class=\"wp-block-spacer\"><\/div>\n\n\n\n<h3 class=\"wp-block-heading\"><strong>Interaction avec les r\u00e9seaux sociaux et les plates-formes externes<\/strong><\/h3>\n\n\n\n<p>Ces services permettent de r\u00e9aliser des interactions avec les r\u00e9seaux sociaux, ou avec d'autres plateformes externes, directement \u00e0 partir des pages de l'application. Les interactions et les informations acquises par cette application sont dans tous les cas soumises aux r\u00e8gles de confidentialit\u00e9 de l'utilisateur relatives \u00e0 chaque r\u00e9seau social.<br>Dans le cas o\u00f9 un service d'interaction avec les r\u00e9seaux sociaux est install\u00e9, il est possible que, m\u00eame si les utilisateurs n'utilisent pas ce service, ce dernier recueille des donn\u00e9es de trafic relatives aux pages sur lesquelles il est install\u00e9.<\/p>\n\n\n\n<div style=\"height:25px\" aria-hidden=\"true\" class=\"wp-block-spacer\"><\/div>\n\n\n\n<h4 class=\"wp-block-heading\"><strong>Pulsante Mi Piace et widgets sociaux de Facebook (Facebook)<\/strong><\/h4>\n\n\n\n<p>Le bouton \"Mi Piace\" et les widgets sociaux de Facebook sont des services d'interaction avec le r\u00e9seau social Facebook, fournis par Facebook Inc.<\/p>\n\n\n\n<p>Donn\u00e9es personnelles collect\u00e9es : Cookie et Donn\u00e9es d'utilisation.<\/p>\n\n\n\n<p>Lieu du traitement : USA -&nbsp;<a href=\"http:\/\/www.facebook.com\/privacy\/explanation.php\" target=\"_blank\" rel=\"noreferrer noopener\">Politique de confidentialit\u00e9<\/a><\/p>\n\n\n\n<div style=\"height:25px\" aria-hidden=\"true\" class=\"wp-block-spacer\"><\/div>\n\n\n\n<h4 class=\"wp-block-heading\"><strong>Pulsante +1 et widget social de Google+ (Google)<\/strong><\/h4>\n\n\n\n<p>Le bouton +1 et les widgets sociaux de Google+ sont des services d'interaction avec le r\u00e9seau social Google+, fournis par Google Inc.<\/p>\n\n\n\n<p>Donn\u00e9es personnelles collect\u00e9es : Cookie et Donn\u00e9es d'utilisation.<\/p>\n\n\n\n<p>Lieu du traitement : USA -&nbsp;<a href=\"http:\/\/www.google.com\/intl\/it\/policies\/privacy\/\" target=\"_blank\" rel=\"noreferrer noopener\">Politique de confidentialit\u00e9<\/a><\/p>\n\n\n\n<div style=\"height:25px\" aria-hidden=\"true\" class=\"wp-block-spacer\"><\/div>\n\n\n\n<h4 class=\"wp-block-heading\"><strong>Pulsante Tweet et widget social de Twitter (Twitter)<\/strong><\/h4>\n\n\n\n<p>L'impulsion Tweet et les widgets sociaux de Twitter sont des services d'interaction avec le r\u00e9seau social Twitter, fournis par Twitter Inc.<\/p>\n\n\n\n<p>Donn\u00e9es personnelles collect\u00e9es : Cookie et Donn\u00e9es d'utilisation.<\/p>\n\n\n\n<p>Lieu du traitement : USA -&nbsp;<a href=\"http:\/\/twitter.com\/privacy\" target=\"_blank\" rel=\"noreferrer noopener\">Politique de confidentialit\u00e9<\/a><\/p>\n\n\n\n<div style=\"height:25px\" aria-hidden=\"true\" class=\"wp-block-spacer\"><\/div>\n\n\n\n<h2 class=\"wp-block-heading\"><strong>Titulaire du traitement des donn\u00e9es<\/strong><\/h2>\n\n\n\n<p>Gabriella Coppola - P.IVA 02734080993 - info@verona-card.com<\/p>\n\n\n\n<div style=\"height:25px\" aria-hidden=\"true\" class=\"wp-block-spacer\"><\/div>\n\n\n\n<h2 class=\"wp-block-heading\"><strong>Note legali<\/strong><\/h2>\n\n\n\n<p>Le site verona-card.com est un site d'information et de divulgation sur V\u00e9rone.<\/p>\n\n\n\n<p>Le site verona-card.com ne constitue pas un test journalistique dans la mesure o\u00f9 il est mis \u00e0 jour sans aucune p\u00e9riodicit\u00e9. Non pu\u00f2 pertanto considerarsi un prodotto editoriale ai sensi della legge n\u00b0 62 del 7.03.2001.<\/p>\n\n\n\n<p>Les images pr\u00e9sentes sur ce site ont \u00e9t\u00e9 trait\u00e9es par internet apr\u00e8s v\u00e9rification de leur caract\u00e8re public ; si leur publication enfreint d'\u00e9ventuels droits d'auteur, vous \u00eates invit\u00e9s \u00e0 le faire savoir par l'interm\u00e9diaire de l'adresse e-mail.&nbsp;<a href=\"mailto:info@verona-card.com\">info@verona-card.com<\/a>. Ils ont \u00e9t\u00e9 imm\u00e9diatement \u00e9limin\u00e9s.<\/p>\n\n\n\n<p>Toutes les informations contenues dans le site<strong>&nbsp;<\/strong>verona-card.com sont disponibles sur le site officiel de l'\u00e9tablissement ou en visite directe. Sans exclure d'\u00e9ventuelles erreurs ou omissions, nous vous conseillons de v\u00e9rifier les adresses officielles avant d'acc\u00e9der aux installations.<br><br><strong>Veronacard.com<\/strong>&nbsp;d\u00e9cline toute responsabilit\u00e9 pour d'\u00e9ventuelles erreurs ou inesth\u00e9tismes des informations contenues dans le site et n'est en aucun cas responsable d'\u00e9ventuels dommages de quelque nature que ce soit, directs ou indirects, r\u00e9sultant de l'affidavit qu'il a fait sur les informations contenues dans le site verona-card.com.<\/p>\n\n\n\n<p>Il est possible d'envoyer d'\u00e9ventuelles notifications d'erreurs \u00e0 l'adresse de courrier \u00e9lectronique.&nbsp;<a href=\"mailto:info@verona-card.com\">info@verona-card.com<\/a>.<\/p>\n\n\n\n<div style=\"height:25px\" aria-hidden=\"true\" class=\"wp-block-spacer\"><\/div>\n\n\n\n<h2 class=\"wp-block-heading\"><strong>Vente de produits sur Tiqets.com et GetYourGuide<\/strong><\/h2>\n\n\n\n<p>Ce site est affili\u00e9 \u00e0&nbsp;<a href=\"https:\/\/www.tiqets.com\/\" target=\"_blank\" rel=\"noreferrer noopener\">tiqets.com<\/a>&nbsp;e&nbsp;<a href=\"https:\/\/getyourguide.com\/\" target=\"_blank\" rel=\"noreferrer noopener\">getyourguide.com<\/a>sont deux des principales plates-formes de vente de cigarettes dans le monde. L'acquisition de biens et toutes les transactions s'effectuent dans leur plateforme en toute s\u00e9curit\u00e9.&nbsp;<strong>Les entreprises \u00e9mettrices sont toujours officielles.<\/strong>. Le site verona-card.com n'est en aucun cas responsable de la vente des produits et de l'assistance apr\u00e8s la vente. Pour tout probl\u00e8me li\u00e9 \u00e0 la vente des produits, veuillez contacter l'assistance du site tiqets.com et getyourguide.com aux adresses suivantes :<\/p>\n\n\n\n<ul class=\"wp-block-list\">\n<li>Tiqets :&nbsp;<a href=\"https:\/\/www.tiqets.com\/it\/support\/home\/\" target=\"_blank\" rel=\"noreferrer noopener\">https:\/\/www.tiqets.com\/it\/support\/home\/<\/a>.<\/li>\n\n\n\n<li>Guide de bonnes pratiques :&nbsp;<a href=\"https:\/\/www.getyourguide.com\/contact\/\" target=\"_blank\" rel=\"noreferrer noopener\">https:\/\/www.getyourguide.com\/contact\/<\/a><\/li>\n<\/ul>\n\n\n\n<div style=\"height:25px\" aria-hidden=\"true\" class=\"wp-block-spacer\"><\/div>\n\n\n\n<h2 class=\"wp-block-heading\"><strong>Affiliation avec Booking.com<\/strong><\/h2>\n\n\n\n<p>Ce site est affili\u00e9 \u00e0&nbsp;<a href=\"https:\/\/www.booking.com\/\" target=\"_blank\" rel=\"noreferrer noopener\">booking.com<\/a>Le site de r\u00e9servation en ligne d'h\u00f4tels dans le monde entier.<\/p>","protected":false},"excerpt":{"rendered":"<p>Politique de confidentialit\u00e9 Les donn\u00e9es personnelles peuvent \u00eatre utilis\u00e9es pour la personnalisation des annonces publiques et les cookies peuvent \u00eatre utilis\u00e9s pour des annonces personnalis\u00e9es ou non. Ce blog ne pr\u00e9sente pas de donn\u00e9es journalistiques, c'est-\u00e0-dire qu'il est mis \u00e0 jour sans aucune p\u00e9riodicit\u00e9. Non pu\u00f2 pertanto considerarsi un prodotto editoriale ai sensi della legge n\u00b0 62 del 7.03.2001. L'auteur...<\/p>","protected":false},"author":1,"featured_media":0,"parent":0,"menu_order":0,"comment_status":"closed","ping_status":"closed","template":"","meta":{"footnotes":""},"class_list":["post-3","page","type-page","status-publish","hentry"],"yoast_head":"<!-- This site is optimized with the Yoast SEO plugin v25.8 - https:\/\/yoast.com\/wordpress\/plugins\/seo\/ -->\n<title>Privacy Policy - Verona Card<\/title>\n<meta name=\"robots\" content=\"index, follow, max-snippet:-1, max-image-preview:large, max-video-preview:-1\" \/>\n<link rel=\"canonical\" href=\"https:\/\/www.verona-card.com\/fr\/politique-de-confidentialite\/\" \/>\n<meta property=\"og:locale\" content=\"fr_FR\" \/>\n<meta property=\"og:type\" content=\"article\" \/>\n<meta property=\"og:title\" content=\"Privacy Policy - Verona Card\" \/>\n<meta property=\"og:description\" content=\"Privacy Policy I dati personali potrebbero essere utilizzati per la personalizzazione degli annunci pubblicitari e i cookies potrebbero essere utilizzati sia per annunci personalizzati che non. Questo blog&nbsp;non rappresenta una testata giornalistica&nbsp;in quanto viene aggiornato senza alcuna periodicit\u00e0 . Non pu\u00f2 pertanto considerarsi un prodotto editoriale ai sensi della legge n\u00b0 62 del 7.03.2001. L\u2019autore...\" \/>\n<meta property=\"og:url\" content=\"https:\/\/www.verona-card.com\/fr\/politique-de-confidentialite\/\" \/>\n<meta property=\"og:site_name\" content=\"Verona Card\" \/>\n<meta property=\"article:modified_time\" content=\"2023-11-06T20:35:56+00:00\" \/>\n<meta name=\"twitter:card\" content=\"summary_large_image\" \/>\n<meta name=\"twitter:label1\" content=\"Dur\u00e9e de lecture estim\u00e9e\" \/>\n\t<meta name=\"twitter:data1\" content=\"8 minutes\" \/>\n<script type=\"application\/ld+json\" class=\"yoast-schema-graph\">{\"@context\":\"https:\/\/schema.org\",\"@graph\":[{\"@type\":\"WebPage\",\"@id\":\"https:\/\/www.verona-card.com\/privacy-policy\/\",\"url\":\"https:\/\/www.verona-card.com\/privacy-policy\/\",\"name\":\"Privacy Policy - Verona Card\",\"isPartOf\":{\"@id\":\"https:\/\/www.verona-card.com\/#website\"},\"datePublished\":\"2023-10-13T08:03:35+00:00\",\"dateModified\":\"2023-11-06T20:35:56+00:00\",\"breadcrumb\":{\"@id\":\"https:\/\/www.verona-card.com\/privacy-policy\/#breadcrumb\"},\"inLanguage\":\"fr-FR\",\"potentialAction\":[{\"@type\":\"ReadAction\",\"target\":[\"https:\/\/www.verona-card.com\/privacy-policy\/\"]}]},{\"@type\":\"BreadcrumbList\",\"@id\":\"https:\/\/www.verona-card.com\/privacy-policy\/#breadcrumb\",\"itemListElement\":[{\"@type\":\"ListItem\",\"position\":1,\"name\":\"Home\",\"item\":\"https:\/\/www.verona-card.com\/\"},{\"@type\":\"ListItem\",\"position\":2,\"name\":\"Privacy Policy\"}]},{\"@type\":\"WebSite\",\"@id\":\"https:\/\/www.verona-card.com\/#website\",\"url\":\"https:\/\/www.verona-card.com\/\",\"name\":\"Verona Card\",\"description\":\"The Official Tourist Card of Verona\",\"publisher\":{\"@id\":\"https:\/\/www.verona-card.com\/#organization\"},\"potentialAction\":[{\"@type\":\"SearchAction\",\"target\":{\"@type\":\"EntryPoint\",\"urlTemplate\":\"https:\/\/www.verona-card.com\/?s={search_term_string}\"},\"query-input\":{\"@type\":\"PropertyValueSpecification\",\"valueRequired\":true,\"valueName\":\"search_term_string\"}}],\"inLanguage\":\"fr-FR\"},{\"@type\":\"Organization\",\"@id\":\"https:\/\/www.verona-card.com\/#organization\",\"name\":\"Verona Card\",\"url\":\"https:\/\/www.verona-card.com\/\",\"logo\":{\"@type\":\"ImageObject\",\"inLanguage\":\"fr-FR\",\"@id\":\"https:\/\/www.verona-card.com\/#\/schema\/logo\/image\/\",\"url\":\"https:\/\/www.verona-card.com\/wp-content\/uploads\/2023\/12\/Verona-card-logo.png\",\"contentUrl\":\"https:\/\/www.verona-card.com\/wp-content\/uploads\/2023\/12\/Verona-card-logo.png\",\"width\":425,\"height\":156,\"caption\":\"Verona Card\"},\"image\":{\"@id\":\"https:\/\/www.verona-card.com\/#\/schema\/logo\/image\/\"}}]}<\/script>\n<!-- \/ Yoast SEO plugin. -->","yoast_head_json":{"title":"Politique de confidentialit\u00e9 - Verona Card","robots":{"index":"index","follow":"follow","max-snippet":"max-snippet:-1","max-image-preview":"max-image-preview:large","max-video-preview":"max-video-preview:-1"},"canonical":"https:\/\/www.verona-card.com\/fr\/politique-de-confidentialite\/","og_locale":"fr_FR","og_type":"article","og_title":"Privacy Policy - Verona Card","og_description":"Privacy Policy I dati personali potrebbero essere utilizzati per la personalizzazione degli annunci pubblicitari e i cookies potrebbero essere utilizzati sia per annunci personalizzati che non. Questo blog&nbsp;non rappresenta una testata giornalistica&nbsp;in quanto viene aggiornato senza alcuna periodicit\u00e0 . Non pu\u00f2 pertanto considerarsi un prodotto editoriale ai sensi della legge n\u00b0 62 del 7.03.2001. L\u2019autore...","og_url":"https:\/\/www.verona-card.com\/fr\/politique-de-confidentialite\/","og_site_name":"Verona Card","article_modified_time":"2023-11-06T20:35:56+00:00","twitter_card":"summary_large_image","twitter_misc":{"Dur\u00e9e de lecture estim\u00e9e":"8 minutes"},"schema":{"@context":"https:\/\/schema.org","@graph":[{"@type":"WebPage","@id":"https:\/\/www.verona-card.com\/privacy-policy\/","url":"https:\/\/www.verona-card.com\/privacy-policy\/","name":"Politique de confidentialit\u00e9 - Verona Card","isPartOf":{"@id":"https:\/\/www.verona-card.com\/#website"},"datePublished":"2023-10-13T08:03:35+00:00","dateModified":"2023-11-06T20:35:56+00:00","breadcrumb":{"@id":"https:\/\/www.verona-card.com\/privacy-policy\/#breadcrumb"},"inLanguage":"fr-FR","potentialAction":[{"@type":"ReadAction","target":["https:\/\/www.verona-card.com\/privacy-policy\/"]}]},{"@type":"BreadcrumbList","@id":"https:\/\/www.verona-card.com\/privacy-policy\/#breadcrumb","itemListElement":[{"@type":"ListItem","position":1,"name":"Home","item":"https:\/\/www.verona-card.com\/"},{"@type":"ListItem","position":2,"name":"Privacy Policy"}]},{"@type":"WebSite","@id":"https:\/\/www.verona-card.com\/#website","url":"https:\/\/www.verona-card.com\/","name":"Carte Verona","description":"La carte touristique officielle de V\u00e9rone","publisher":{"@id":"https:\/\/www.verona-card.com\/#organization"},"potentialAction":[{"@type":"SearchAction","target":{"@type":"EntryPoint","urlTemplate":"https:\/\/www.verona-card.com\/?s={search_term_string}"},"query-input":{"@type":"PropertyValueSpecification","valueRequired":true,"valueName":"search_term_string"}}],"inLanguage":"fr-FR"},{"@type":"Organization","@id":"https:\/\/www.verona-card.com\/#organization","name":"Carte Verona","url":"https:\/\/www.verona-card.com\/","logo":{"@type":"ImageObject","inLanguage":"fr-FR","@id":"https:\/\/www.verona-card.com\/#\/schema\/logo\/image\/","url":"https:\/\/www.verona-card.com\/wp-content\/uploads\/2023\/12\/Verona-card-logo.png","contentUrl":"https:\/\/www.verona-card.com\/wp-content\/uploads\/2023\/12\/Verona-card-logo.png","width":425,"height":156,"caption":"Verona Card"},"image":{"@id":"https:\/\/www.verona-card.com\/#\/schema\/logo\/image\/"}}]}},"_links":{"self":[{"href":"https:\/\/www.verona-card.com\/fr\/wp-json\/wp\/v2\/pages\/3","targetHints":{"allow":["GET"]}}],"collection":[{"href":"https:\/\/www.verona-card.com\/fr\/wp-json\/wp\/v2\/pages"}],"about":[{"href":"https:\/\/www.verona-card.com\/fr\/wp-json\/wp\/v2\/types\/page"}],"author":[{"embeddable":true,"href":"https:\/\/www.verona-card.com\/fr\/wp-json\/wp\/v2\/users\/1"}],"replies":[{"embeddable":true,"href":"https:\/\/www.verona-card.com\/fr\/wp-json\/wp\/v2\/comments?post=3"}],"version-history":[{"count":3,"href":"https:\/\/www.verona-card.com\/fr\/wp-json\/wp\/v2\/pages\/3\/revisions"}],"predecessor-version":[{"id":314,"href":"https:\/\/www.verona-card.com\/fr\/wp-json\/wp\/v2\/pages\/3\/revisions\/314"}],"wp:attachment":[{"href":"https:\/\/www.verona-card.com\/fr\/wp-json\/wp\/v2\/media?parent=3"}],"curies":[{"name":"wp","href":"https:\/\/api.w.org\/{rel}","templated":true}]}}